{"id":1406,"date":"2024-03-27T15:01:44","date_gmt":"2024-03-27T19:01:44","guid":{"rendered":"https:\/\/tlmgo.com\/politique-de-confidentialite\/"},"modified":"2026-01-06T09:53:09","modified_gmt":"2026-01-06T14:53:09","slug":"privacy-policy","status":"publish","type":"page","link":"https:\/\/tlmgo.com\/en\/privacy-policy\/","title":{"rendered":"Privacy Policy"},"content":{"rendered":"\t\t<div data-elementor-type=\"wp-page\" data-elementor-id=\"1406\" class=\"elementor elementor-1406 elementor-948\" data-elementor-post-type=\"page\">\n\t\t\t\t<div class=\"elementor-element elementor-element-ff8d8e9 e-flex e-con-boxed e-con e-parent\" data-id=\"ff8d8e9\" data-element_type=\"container\" data-e-type=\"container\">\n\t\t\t\t\t<div class=\"e-con-inner\">\n\t\t\t\t<div class=\"elementor-element elementor-element-e5ee09e elementor-widget elementor-widget-spacer\" data-id=\"e5ee09e\" data-element_type=\"widget\" data-e-type=\"widget\" data-widget_type=\"spacer.default\">\n\t\t\t\t<div class=\"elementor-widget-container\">\n\t\t\t\t\t\t\t<div class=\"elementor-spacer\">\n\t\t\t<div class=\"elementor-spacer-inner\"><\/div>\n\t\t<\/div>\n\t\t\t\t\t\t<\/div>\n\t\t\t\t<\/div>\n\t\t\t\t<div class=\"elementor-element elementor-element-f99130c elementor-widget elementor-widget-heading\" data-id=\"f99130c\" data-element_type=\"widget\" data-e-type=\"widget\" data-widget_type=\"heading.default\">\n\t\t\t\t<div class=\"elementor-widget-container\">\n\t\t\t\t\t<h1 class=\"elementor-heading-title elementor-size-default\">Personal Information Protection Policy\u202f<\/h1>\t\t\t\t<\/div>\n\t\t\t\t<\/div>\n\t\t\t\t<div class=\"elementor-element elementor-element-a7d8545 elementor-widget elementor-widget-text-editor\" data-id=\"a7d8545\" data-element_type=\"widget\" data-e-type=\"widget\" data-widget_type=\"text-editor.default\">\n\t\t\t\t<div class=\"elementor-widget-container\">\n\t\t\t\t\t\t\t\t\t<h2>Our Commitment\u202f\u00a0<\/h2><p data-start=\"160\" data-end=\"488\">TLM is firmly committed to protecting the personal information entrusted to us when you visit the website <strong data-start=\"266\" data-end=\"279\">tlmgo.com<\/strong> or any of our affiliated sites. Your privacy matters to us, and it is important that you understand what information may be collected, why it is collected, and what rights you have regarding that information.<\/p><p data-start=\"490\" data-end=\"782\">We have done our best to ensure that our explanations are clear, precise, and as easy to understand as possible. If you would like more information or if you have any questions, please do not hesitate to contact our Privacy Officer. Their contact details are provided at the end of this page.<\/p><p><span data-ccp-props=\"{&quot;134233117&quot;:false,&quot;134233118&quot;:false,&quot;201341983&quot;:0,&quot;335559738&quot;:0,&quot;335559739&quot;:0,&quot;335559740&quot;:240}\">\u00a0<\/span><\/p><h2>Who Are We?\u202f\u00a0<\/h2><p><span data-ccp-props=\"{&quot;134233117&quot;:false,&quot;134233118&quot;:false,&quot;201341983&quot;:0,&quot;335559738&quot;:0,&quot;335559739&quot;:0,&quot;335559740&quot;:240}\">Syst\u00e8mes TLM inc. is a Canadian company headquartered in Chicoutimi, in the province of Qu\u00e9bec, with offices in Qu\u00e9bec City (Qu\u00e9bec) and Paris (France). We help businesses build technological products. <\/span><\/p><p><span data-ccp-props=\"{&quot;134233117&quot;:false,&quot;134233118&quot;:false,&quot;201341983&quot;:0,&quot;335559738&quot;:0,&quot;335559739&quot;:0,&quot;335559740&quot;:240}\">\u00a0<\/span><\/p><h2>When Does This Privacy Policy Apply?<\/h2><p data-start=\"1058\" data-end=\"1163\">This privacy policy applies depending on how you interact with us. Two main situations can be identified:<\/p><ol><li data-start=\"1167\" data-end=\"1200\">You browse one of our websites.<\/li><li data-start=\"1203\" data-end=\"1249\">You contact us or subscribe to our newsletter.<\/li><\/ol><p><span data-ccp-props=\"{&quot;134233117&quot;:false,&quot;134233118&quot;:false,&quot;201341983&quot;:0,&quot;335559738&quot;:0,&quot;335559739&quot;:0,&quot;335559740&quot;:240}\">\u00a0<\/span><\/p><h2>What Information Is Collected and How Is It Used?\u202f\u00a0\u00a0<\/h2><p data-start=\"1312\" data-end=\"1489\">When you visit our websites or provide information in any manner, you consent to TLM using, disclosing, or contacting you as part of its business activities, as described below.<\/p><h3 data-start=\"1491\" data-end=\"1533\">The information collected is used to:<\/h3><p data-start=\"1535\" data-end=\"1691\"><strong data-start=\"1535\" data-end=\"1559\">Communicate with you<\/strong><br data-start=\"1559\" data-end=\"1562\" \/>Information is provided by you through online forms, either to subscribe to our newsletter or via other designated contact forms.<\/p><p data-start=\"1693\" data-end=\"1893\">The personal data collected by TLM may include: first and last name, email address, company or organization name, phone number, IP address, and information about the device used to access the website.<\/p><p data-start=\"1895\" data-end=\"2170\"><strong data-start=\"1895\" data-end=\"1919\">Improve our services<\/strong><br data-start=\"1919\" data-end=\"1922\" \/>We may collect, either directly from you or through an advertising or marketing partner, demographic data such as your postal code, city of residence, gender, or age range. We may also retain information about your browsing behavior on our website.<\/p><p data-start=\"2172\" data-end=\"2459\"><strong data-start=\"2172\" data-end=\"2214\">Maintain our platform and its security<\/strong><br data-start=\"2214\" data-end=\"2217\" \/>We automatically keep logs of access to the website and its various services. These logs may include, among other things, the IP address of the device used to access our services, the address of the last website visited, and the browser used.<\/p><p><span style=\"font-family: -apple-system, BlinkMacSystemFont, 'Segoe UI', Roboto, 'Helvetica Neue', Arial, 'Noto Sans', sans-serif, 'Apple Color Emoji', 'Segoe UI Emoji', 'Segoe UI Symbol', 'Noto Color Emoji';\" data-contrast=\"auto\">\u202f<\/span><span style=\"font-family: -apple-system, BlinkMacSystemFont, 'Segoe UI', Roboto, 'Helvetica Neue', Arial, 'Noto Sans', sans-serif, 'Apple Color Emoji', 'Segoe UI Emoji', 'Segoe UI Symbol', 'Noto Color Emoji';\" data-ccp-props=\"{&quot;134233117&quot;:false,&quot;134233118&quot;:false,&quot;201341983&quot;:0,&quot;335559738&quot;:0,&quot;335559739&quot;:0,&quot;335559740&quot;:240}\">\u00a0<\/span><\/p><h2>Where Is the Information Stored?\u202f\u00a0<\/h2><p><span data-contrast=\"auto\">All your data is stored in Canada. Your information may be transferred and stored, in whole or in part, on computer networks located outside the province in which you reside. It may be backed up on computer equipment leased or authorized by third parties.\u202f<\/span><span data-ccp-props=\"{&quot;134233117&quot;:false,&quot;134233118&quot;:false,&quot;201341983&quot;:0,&quot;335559738&quot;:0,&quot;335559739&quot;:0,&quot;335559740&quot;:240}\">\u00a0<\/span><\/p><p><span data-ccp-props=\"{&quot;134233117&quot;:false,&quot;134233118&quot;:false,&quot;201341983&quot;:0,&quot;335559738&quot;:0,&quot;335559739&quot;:0,&quot;335559740&quot;:240}\">\u00a0<\/span><\/p><h2>With Whom Do We Share Your Data and Why?\u202f<span data-ccp-props=\"{&quot;134233117&quot;:false,&quot;134233118&quot;:false,&quot;201341983&quot;:0,&quot;335559738&quot;:0,&quot;335559739&quot;:0,&quot;335559740&quot;:240}\">\u00a0<\/span><\/h2><p data-start=\"2814\" data-end=\"2953\">TLM does not share personal information with third parties except when such sharing is required by law or when you have given your consent.<\/p><p data-start=\"2955\" data-end=\"2990\">We may share your information with:<\/p><p data-start=\"2992\" data-end=\"3366\"><strong data-start=\"2992\" data-end=\"3013\">Legal authorities<\/strong><br data-start=\"3013\" data-end=\"3016\" \/>We may disclose personal information when we believe it is necessary to comply with the law, cooperate with authorities, or request their assistance to protect TLM\u2019s interests and ensure its protection. Similarly, your personal information may be shared with a third party in the event of a transfer of ownership, assets, or bankruptcy involving TLM.<\/p><p data-start=\"2992\" data-end=\"3366\">\u00a0<\/p><h3 data-start=\"3373\" data-end=\"3391\"><strong>Your Choices<\/strong><\/h3><p data-start=\"3392\" data-end=\"3465\">TLM respects your choices, and the following rights are available to you:<\/p><p data-start=\"3467\" data-end=\"3640\"><strong data-start=\"3467\" data-end=\"3531\">Right to request deletion or restriction of your information<\/strong><br data-start=\"3531\" data-end=\"3534\" \/>You may, at any time, request that the Privacy Officer remove your personal information from the platform.<\/p><p data-start=\"3642\" data-end=\"3887\"><strong data-start=\"3642\" data-end=\"3671\">Right to withdraw consent<\/strong><br data-start=\"3671\" data-end=\"3674\" \/>If you have consented to the sharing of your information with our partners, its use for marketing purposes, or any other use, and you wish to withdraw your consent, you may submit a request to the Privacy Officer.<\/p><p><span style=\"font-family: -apple-system, BlinkMacSystemFont, 'Segoe UI', Roboto, 'Helvetica Neue', Arial, 'Noto Sans', sans-serif, 'Apple Color Emoji', 'Segoe UI Emoji', 'Segoe UI Symbol', 'Noto Color Emoji';\" data-contrast=\"auto\">\u202f<\/span><span data-ccp-props=\"{&quot;134233117&quot;:false,&quot;134233118&quot;:false,&quot;201341983&quot;:0,&quot;335559738&quot;:0,&quot;335559739&quot;:0,&quot;335559740&quot;:240}\">\u00a0<\/span><\/p><h2>Security Measures<\/h2><p data-start=\"3918\" data-end=\"4158\">TLM has implemented security measures on its websites to protect against loss, misuse, and unauthorized modification of the information under its responsibility. A secure encryption protocol (SSL) is used to protect commercial transactions.<\/p><p data-start=\"4160\" data-end=\"4287\">Your personal and financial information is encrypted before being transmitted over the Internet and when stored on our servers.<\/p><p><span style=\"font-family: -apple-system, BlinkMacSystemFont, 'Segoe UI', Roboto, 'Helvetica Neue', Arial, 'Noto Sans', sans-serif, 'Apple Color Emoji', 'Segoe UI Emoji', 'Segoe UI Symbol', 'Noto Color Emoji';\">\u202f<\/span><\/p><h2>Contact the Privacy Officer\u202f<span data-ccp-props=\"{&quot;134233117&quot;:false,&quot;134233118&quot;:false,&quot;201341983&quot;:0,&quot;335559738&quot;:0,&quot;335559739&quot;:0,&quot;335559740&quot;:240}\">\u00a0<\/span><\/h2><p data-start=\"4328\" data-end=\"4497\">If you have any questions or concerns regarding this privacy policy, or if you wish to contact us about the information provided, you may do so at the following address:<\/p><p data-start=\"4499\" data-end=\"4540\"><strong data-start=\"4499\" data-end=\"4512\">By email:<\/strong><br data-start=\"4512\" data-end=\"4515\" \/><a class=\"decorated-link cursor-pointer\" rel=\"noopener\" data-start=\"4515\" data-end=\"4540\">confidentialite@tlmgo.com<\/a><\/p><p data-start=\"4542\" data-end=\"4584\"><strong data-start=\"4542\" data-end=\"4562\">Privacy Officer:<\/strong><br data-start=\"4562\" data-end=\"4565\" \/>Jean-Pierre Bluteau<\/p><p data-start=\"4586\" data-end=\"4667\"><strong data-start=\"4586\" data-end=\"4598\">Address:<\/strong><br data-start=\"4598\" data-end=\"4601\" \/>930 rue Jacques-Cartier Est, Suite B-101<br data-start=\"4641\" data-end=\"4644\" \/>Chicoutimi (QC) G7H 7K9<\/p><p data-start=\"4669\" data-end=\"4702\"><strong data-start=\"4669\" data-end=\"4686\">Last updated:<\/strong> January 6, 2026<\/p>\t\t\t\t\t\t\t\t<\/div>\n\t\t\t\t<\/div>\n\t\t\t\t\t<\/div>\n\t\t\t\t<\/div>\n\t\t<div class=\"elementor-element elementor-element-e24b1be e-flex e-con-boxed e-con e-parent\" data-id=\"e24b1be\" data-element_type=\"container\" data-e-type=\"container\">\n\t\t\t\t\t<div class=\"e-con-inner\">\n\t\t\t\t\t<\/div>\n\t\t\t\t<\/div>\n\t\t\t\t<\/div>\n\t\t","protected":false},"excerpt":{"rendered":"<p>Personal Information Protection Policy\u202f Our Commitment\u202f\u00a0 TLM is firmly committed to protecting the personal information entrusted to us when you visit the website tlmgo.com or any of our affiliated sites. Your privacy matters to us, and it is important that you understand what information may be collected, why it is collected, and what rights you [&hellip;]<\/p>\n","protected":false},"author":247449273,"featured_media":0,"parent":0,"menu_order":0,"comment_status":"closed","ping_status":"closed","template":"","meta":{"_crdt_document":"","content-type":"","footnotes":""},"class_list":["post-1406","page","type-page","status-publish","hentry"],"yoast_head":"<!-- This site is optimized with the Yoast SEO plugin v27.3 - https:\/\/yoast.com\/product\/yoast-seo-wordpress\/ -->\n<title>Privacy Policy - TLM<\/title>\n<meta name=\"robots\" content=\"index, follow, max-snippet:-1, max-image-preview:large, max-video-preview:-1\" \/>\n<link rel=\"canonical\" href=\"https:\/\/tlmgo.com\/en\/privacy-policy\/\" \/>\n<meta property=\"og:locale\" content=\"en_US\" \/>\n<meta property=\"og:type\" content=\"article\" \/>\n<meta property=\"og:title\" content=\"Privacy Policy - TLM\" \/>\n<meta property=\"og:description\" content=\"Personal Information Protection Policy\u202f Our Commitment\u202f\u00a0 TLM is firmly committed to protecting the personal information entrusted to us when you visit the website tlmgo.com or any of our affiliated sites. Your privacy matters to us, and it is important that you understand what information may be collected, why it is collected, and what rights you [&hellip;]\" \/>\n<meta property=\"og:url\" content=\"https:\/\/tlmgo.com\/en\/privacy-policy\/\" \/>\n<meta property=\"og:site_name\" content=\"TLM\" \/>\n<meta property=\"article:publisher\" content=\"https:\/\/www.facebook.com\/TLMgo\/\" \/>\n<meta property=\"article:modified_time\" content=\"2026-01-06T14:53:09+00:00\" \/>\n<meta name=\"twitter:card\" content=\"summary_large_image\" \/>\n<meta name=\"twitter:label1\" content=\"Est. reading time\" \/>\n\t<meta name=\"twitter:data1\" content=\"4 minutes\" \/>\n<script type=\"application\/ld+json\" class=\"yoast-schema-graph\">{\"@context\":\"https:\\\/\\\/schema.org\",\"@graph\":[{\"@type\":\"WebPage\",\"@id\":\"https:\\\/\\\/tlmgo.com\\\/en\\\/privacy-policy\\\/\",\"url\":\"https:\\\/\\\/tlmgo.com\\\/en\\\/privacy-policy\\\/\",\"name\":\"Privacy Policy - TLM\",\"isPartOf\":{\"@id\":\"https:\\\/\\\/tlmgo.com\\\/en\\\/#website\"},\"datePublished\":\"2024-03-27T19:01:44+00:00\",\"dateModified\":\"2026-01-06T14:53:09+00:00\",\"breadcrumb\":{\"@id\":\"https:\\\/\\\/tlmgo.com\\\/en\\\/privacy-policy\\\/#breadcrumb\"},\"inLanguage\":\"en-CA\",\"potentialAction\":[{\"@type\":\"ReadAction\",\"target\":[\"https:\\\/\\\/tlmgo.com\\\/en\\\/privacy-policy\\\/\"]}]},{\"@type\":\"BreadcrumbList\",\"@id\":\"https:\\\/\\\/tlmgo.com\\\/en\\\/privacy-policy\\\/#breadcrumb\",\"itemListElement\":[{\"@type\":\"ListItem\",\"position\":1,\"name\":\"Home\",\"item\":\"https:\\\/\\\/tlmgo.com\\\/en\\\/\"},{\"@type\":\"ListItem\",\"position\":2,\"name\":\"Privacy Policy\"}]},{\"@type\":\"WebSite\",\"@id\":\"https:\\\/\\\/tlmgo.com\\\/en\\\/#website\",\"url\":\"https:\\\/\\\/tlmgo.com\\\/en\\\/\",\"name\":\"TLM\",\"description\":\"\",\"publisher\":{\"@id\":\"https:\\\/\\\/tlmgo.com\\\/en\\\/#organization\"},\"potentialAction\":[{\"@type\":\"SearchAction\",\"target\":{\"@type\":\"EntryPoint\",\"urlTemplate\":\"https:\\\/\\\/tlmgo.com\\\/en\\\/?s={search_term_string}\"},\"query-input\":{\"@type\":\"PropertyValueSpecification\",\"valueRequired\":true,\"valueName\":\"search_term_string\"}}],\"inLanguage\":\"en-CA\"},{\"@type\":\"Organization\",\"@id\":\"https:\\\/\\\/tlmgo.com\\\/en\\\/#organization\",\"name\":\"TLM\",\"url\":\"https:\\\/\\\/tlmgo.com\\\/en\\\/\",\"logo\":{\"@type\":\"ImageObject\",\"inLanguage\":\"en-CA\",\"@id\":\"https:\\\/\\\/tlmgo.com\\\/en\\\/#\\\/schema\\\/logo\\\/image\\\/\",\"url\":\"https:\\\/\\\/tlmgo.com\\\/wp-content\\\/uploads\\\/2024\\\/03\\\/cropped-2144efd466e9a42fe9598896381f554b-1-1.png\",\"contentUrl\":\"https:\\\/\\\/tlmgo.com\\\/wp-content\\\/uploads\\\/2024\\\/03\\\/cropped-2144efd466e9a42fe9598896381f554b-1-1.png\",\"width\":300,\"height\":141,\"caption\":\"TLM\"},\"image\":{\"@id\":\"https:\\\/\\\/tlmgo.com\\\/en\\\/#\\\/schema\\\/logo\\\/image\\\/\"},\"sameAs\":[\"https:\\\/\\\/www.facebook.com\\\/TLMgo\\\/\",\"https:\\\/\\\/linkedin.com\\\/company\\\/solutions-tlm\"]}]}<\/script>\n<!-- \/ Yoast SEO plugin. -->","yoast_head_json":{"title":"Privacy Policy - TLM","robots":{"index":"index","follow":"follow","max-snippet":"max-snippet:-1","max-image-preview":"max-image-preview:large","max-video-preview":"max-video-preview:-1"},"canonical":"https:\/\/tlmgo.com\/en\/privacy-policy\/","og_locale":"en_US","og_type":"article","og_title":"Privacy Policy - TLM","og_description":"Personal Information Protection Policy\u202f Our Commitment\u202f\u00a0 TLM is firmly committed to protecting the personal information entrusted to us when you visit the website tlmgo.com or any of our affiliated sites. Your privacy matters to us, and it is important that you understand what information may be collected, why it is collected, and what rights you [&hellip;]","og_url":"https:\/\/tlmgo.com\/en\/privacy-policy\/","og_site_name":"TLM","article_publisher":"https:\/\/www.facebook.com\/TLMgo\/","article_modified_time":"2026-01-06T14:53:09+00:00","twitter_card":"summary_large_image","twitter_misc":{"Est. reading time":"4 minutes"},"schema":{"@context":"https:\/\/schema.org","@graph":[{"@type":"WebPage","@id":"https:\/\/tlmgo.com\/en\/privacy-policy\/","url":"https:\/\/tlmgo.com\/en\/privacy-policy\/","name":"Privacy Policy - TLM","isPartOf":{"@id":"https:\/\/tlmgo.com\/en\/#website"},"datePublished":"2024-03-27T19:01:44+00:00","dateModified":"2026-01-06T14:53:09+00:00","breadcrumb":{"@id":"https:\/\/tlmgo.com\/en\/privacy-policy\/#breadcrumb"},"inLanguage":"en-CA","potentialAction":[{"@type":"ReadAction","target":["https:\/\/tlmgo.com\/en\/privacy-policy\/"]}]},{"@type":"BreadcrumbList","@id":"https:\/\/tlmgo.com\/en\/privacy-policy\/#breadcrumb","itemListElement":[{"@type":"ListItem","position":1,"name":"Home","item":"https:\/\/tlmgo.com\/en\/"},{"@type":"ListItem","position":2,"name":"Privacy Policy"}]},{"@type":"WebSite","@id":"https:\/\/tlmgo.com\/en\/#website","url":"https:\/\/tlmgo.com\/en\/","name":"TLM","description":"","publisher":{"@id":"https:\/\/tlmgo.com\/en\/#organization"},"potentialAction":[{"@type":"SearchAction","target":{"@type":"EntryPoint","urlTemplate":"https:\/\/tlmgo.com\/en\/?s={search_term_string}"},"query-input":{"@type":"PropertyValueSpecification","valueRequired":true,"valueName":"search_term_string"}}],"inLanguage":"en-CA"},{"@type":"Organization","@id":"https:\/\/tlmgo.com\/en\/#organization","name":"TLM","url":"https:\/\/tlmgo.com\/en\/","logo":{"@type":"ImageObject","inLanguage":"en-CA","@id":"https:\/\/tlmgo.com\/en\/#\/schema\/logo\/image\/","url":"https:\/\/tlmgo.com\/wp-content\/uploads\/2024\/03\/cropped-2144efd466e9a42fe9598896381f554b-1-1.png","contentUrl":"https:\/\/tlmgo.com\/wp-content\/uploads\/2024\/03\/cropped-2144efd466e9a42fe9598896381f554b-1-1.png","width":300,"height":141,"caption":"TLM"},"image":{"@id":"https:\/\/tlmgo.com\/en\/#\/schema\/logo\/image\/"},"sameAs":["https:\/\/www.facebook.com\/TLMgo\/","https:\/\/linkedin.com\/company\/solutions-tlm"]}]}},"jetpack_likes_enabled":true,"jetpack_sharing_enabled":true,"jetpack_shortlink":"https:\/\/wp.me\/Pfzzuf-mG","jetpack-related-posts":[],"_links":{"self":[{"href":"https:\/\/tlmgo.com\/en\/wp-json\/wp\/v2\/pages\/1406","targetHints":{"allow":["GET"]}}],"collection":[{"href":"https:\/\/tlmgo.com\/en\/wp-json\/wp\/v2\/pages"}],"about":[{"href":"https:\/\/tlmgo.com\/en\/wp-json\/wp\/v2\/types\/page"}],"author":[{"embeddable":true,"href":"https:\/\/tlmgo.com\/en\/wp-json\/wp\/v2\/users\/247449273"}],"replies":[{"embeddable":true,"href":"https:\/\/tlmgo.com\/en\/wp-json\/wp\/v2\/comments?post=1406"}],"version-history":[{"count":12,"href":"https:\/\/tlmgo.com\/en\/wp-json\/wp\/v2\/pages\/1406\/revisions"}],"predecessor-version":[{"id":4606,"href":"https:\/\/tlmgo.com\/en\/wp-json\/wp\/v2\/pages\/1406\/revisions\/4606"}],"wp:attachment":[{"href":"https:\/\/tlmgo.com\/en\/wp-json\/wp\/v2\/media?parent=1406"}],"curies":[{"name":"wp","href":"https:\/\/api.w.org\/{rel}","templated":true}]}}